{"id":22,"date":"2021-05-13T19:10:25","date_gmt":"2021-05-13T17:10:25","guid":{"rendered":"https:\/\/habibahorse.de\/?page_id=22"},"modified":"2025-04-20T20:45:40","modified_gmt":"2025-04-20T20:45:40","slug":"impressum","status":"publish","type":"page","link":"https:\/\/habibahorse.de\/en\/impressum\/","title":{"rendered":"Imprint"},"content":{"rendered":"<div data-elementor-type=\"wp-page\" data-elementor-id=\"22\" class=\"elementor elementor-22\" data-elementor-post-type=\"page\">\n\t\t\t\t\t\t<section class=\"elementor-section elementor-top-section elementor-element elementor-element-f0830a6 elementor-section-full_width elementor-section-stretched elementor-section-height-default elementor-section-height-default\" data-id=\"f0830a6\" data-element_type=\"section\" data-e-type=\"section\" data-settings=\"{&quot;stretch_section&quot;:&quot;section-stretched&quot;}\">\n\t\t\t\t\t\t<div class=\"elementor-container elementor-column-gap-default\">\n\t\t\t\t\t<div class=\"elementor-column elementor-col-100 elementor-top-column elementor-element elementor-element-4244ab3\" data-id=\"4244ab3\" data-element_type=\"column\" data-e-type=\"column\">\n\t\t\t<div class=\"elementor-widget-wrap elementor-element-populated\">\n\t\t\t\t\t\t<div class=\"elementor-element elementor-element-e062f73 elementor-widget elementor-widget-heading\" data-id=\"e062f73\" data-element_type=\"widget\" data-e-type=\"widget\" data-widget_type=\"heading.default\">\n\t\t\t\t<div class=\"elementor-widget-container\">\n\t\t\t\t\t<h2 class=\"elementor-heading-title elementor-size-default\">Imprint\n<\/h2>\t\t\t\t<\/div>\n\t\t\t\t<\/div>\n\t\t\t\t<div class=\"elementor-element elementor-element-c94b88e elementor-widget elementor-widget-text-editor\" data-id=\"c94b88e\" data-element_type=\"widget\" data-e-type=\"widget\" data-widget_type=\"text-editor.default\">\n\t\t\t\t<div class=\"elementor-widget-container\">\n\t\t\t\t\t\t\t\t\t<h4><span style=\"color: #333333;\">Medieninhaber:<\/span><\/h4><p><span style=\"color: #333333;\">Habiba Horse<\/span><br \/><span style=\"color: #333333;\">Habiba Horse Circle<\/span><br \/><span style=\"color: #333333;\">84513 El Gouna<\/span><br \/><span style=\"color: #333333;\">Red Sea &#8211; EGYPT<\/span><br \/><span style=\"color: #333333;\">El Gouna extension: 32629<\/span><\/p><p><span style=\"color: #333333;\">CEO: Kerstin Engels<\/span><\/p><h4>\u00a0<\/h4><h4><span style=\"color: #333333;\">Contact:<\/span><\/h4><p><span style=\"color: #333333;\">Telefon: +20.106 439 3709 <\/span><br \/><span style=\"color: #333333;\">E-Mail: info (at) habibahorse .de<\/span><\/p><h4>\u00a0<\/h4><h4><span style=\"color: #333333;\">Website &amp; Design:<\/span><\/h4><p><span style=\"color: #333333;\">Tino Heinze<\/span><br \/><span style=\"color: #333333;\"><a style=\"color: #333333;\" href=\"https:\/\/www.homepage-einfach-guenstig.de\" target=\"_blank\" rel=\"noopener\">www.homepage-einfach-guenstig.de<\/a><\/span><br \/><span style=\"font-size: 1rem; color: #333333;\">E-Mail: admin (@) habibahorse .de<\/span><\/p><h4>\u00a0<\/h4><h4><span style=\"color: #333333;\">Streitschlichtung<\/span><\/h4><p><span style=\"color: #333333;\">Kritik und Beschwerden richten Sie bitte direkt an Habiba Horse, damit wir entsprechende Ma\u00dfnahmen einleiten\u00a0 k\u00f6nnen.<\/span><\/p><div class=\"page\" title=\"Page 1\"><div class=\"layoutArea\"><div class=\"column\"><h4>\u00a0<\/h4><h4><span style=\"color: #333333;\">Haftungshinweis<\/span><\/h4><p><span style=\"color: #333333;\">Trotz sorgf\u00e4ltiger inhaltlicher Kontrolle \u00fcbernehmen wir keine Haftung f\u00fcr die Inhalte externer Links. F\u00fcr den Inhalt der verlinkten Seiten sind ausschlie\u00dflich deren Betreiber verantwortlich.<\/span><\/p><h4>\u00a0<\/h4><h4><span style=\"color: #333333;\">Urheberrecht<\/span><\/h4><p><span style=\"color: #333333;\">Die auf dieser Website verwendeten Texte, Bilder, Grafiken sowie deren Anordnung unterliegen dem Schutz des Urheberrechts und anderer Schutzgesetze. Der Inhalt dieser Website darf nicht zu kommerziellen Zwecken kopiert, verbreitet, ver\u00e4ndert oder Dritten zug\u00e4nglich gemacht werden. Wir weisen darauf hin, dass die auf unserer Website enthaltenen Bilder und Texte teilweise dem Urheberrecht Dritter unterliegen und mit deren Erlaubnis hier verwendet werden.<\/span><\/p><\/div><\/div><\/div>\t\t\t\t\t\t\t\t<\/div>\n\t\t\t\t<\/div>\n\t\t\t\t\t<\/div>\n\t\t<\/div>\n\t\t\t\t\t<\/div>\n\t\t<\/section>\n\t\t\t\t<\/div>","protected":false},"excerpt":{"rendered":"<p>Impressum Medieninhaber: Habiba HorseHabiba Horse Circle84513 El GounaRed Sea &#8211; EGYPTEl Gouna extension: 32629 CEO: Kerstin Engels \u00a0 Kontakt: Telefon: +20.106 439 3709 E-Mail: info (at) habibahorse .de \u00a0 Website &amp; Design: Tino Heinzewww.homepage-einfach-guenstig.deE-Mail: admin (@) habibahorse .de \u00a0 Streitschlichtung Kritik und Beschwerden richten Sie bitte direkt an Habiba Horse, damit wir entsprechende Ma\u00dfnahmen einleiten\u00a0 [&hellip;]<\/p>\n","protected":false},"author":1,"featured_media":0,"parent":0,"menu_order":0,"comment_status":"closed","ping_status":"closed","template":"","meta":{"footnotes":""},"class_list":["post-22","page","type-page","status-publish","hentry"],"_links":{"self":[{"href":"https:\/\/habibahorse.de\/en\/wp-json\/wp\/v2\/pages\/22","targetHints":{"allow":["GET"]}}],"collection":[{"href":"https:\/\/habibahorse.de\/en\/wp-json\/wp\/v2\/pages"}],"about":[{"href":"https:\/\/habibahorse.de\/en\/wp-json\/wp\/v2\/types\/page"}],"author":[{"embeddable":true,"href":"https:\/\/habibahorse.de\/en\/wp-json\/wp\/v2\/users\/1"}],"replies":[{"embeddable":true,"href":"https:\/\/habibahorse.de\/en\/wp-json\/wp\/v2\/comments?post=22"}],"version-history":[{"count":4,"href":"https:\/\/habibahorse.de\/en\/wp-json\/wp\/v2\/pages\/22\/revisions"}],"predecessor-version":[{"id":8808,"href":"https:\/\/habibahorse.de\/en\/wp-json\/wp\/v2\/pages\/22\/revisions\/8808"}],"wp:attachment":[{"href":"https:\/\/habibahorse.de\/en\/wp-json\/wp\/v2\/media?parent=22"}],"curies":[{"name":"wp","href":"https:\/\/api.w.org\/{rel}","templated":true}]}}